{"id":945,"date":"2020-11-02T13:42:40","date_gmt":"2020-11-02T12:42:40","guid":{"rendered":"http:\/\/anne-delaby.com\/NouveauSite\/?page_id=945"},"modified":"2020-11-02T13:42:40","modified_gmt":"2020-11-02T12:42:40","slug":"abstraction","status":"publish","type":"page","link":"http:\/\/anne-delaby.com\/NouveauSite\/abstraction\/","title":{"rendered":"Abstraction"},"content":{"rendered":"<!-- wp:shortcode--><div class=\"gridContainer\">\n<div class=\"pt-cv-wrapper\"><div class=\"pt-cv-view pt-cv-masonry pt-cv-pinterest pt-cv-shadow pt-cv-bb pt-cv-pgloadmore\" id=\"pt-cv-view-740daacysx\"><div data-id=\"pt-cv-page-1\" class=\"pt-cv-page\" data-cvc=\"1\"><div class=\"col-md-3 col-sm-6 col-xs-12 pt-cv-content-item pt-cv-1-col\"  data-pid=\"1209\"><div class='pt-cv-pinmas'><a href=\"http:\/\/anne-delaby.com\/NouveauSite\/abstractions\/ecarts\/\" class=\"_self pt-cv-href-thumbnail pt-cv-thumb-default cvplbd\" target=\"_self\" ><img loading=\"lazy\" decoding=\"async\" width=\"245\" height=\"300\" src=\"http:\/\/anne-delaby.com\/NouveauSite\/wp-content\/uploads\/2021\/01\/Ecarts-245x300.jpg\" class=\"pt-cv-thumbnail img-none no-lazyload \" alt=\"peinture\" \/><\/a>\n<h4 class=\"pt-cv-title\"><a href=\"http:\/\/anne-delaby.com\/NouveauSite\/abstractions\/ecarts\/\" class=\"_self cvplbd\" target=\"_self\" >Ecarts<\/a><\/h4>\n<div class=\"pt-cv-content\">Ecarts Abstraction - 81 cm x 100 cm - Acrylique sur toile ...<br \/><div class=\"pt-cv-rmwrap\"><a href=\"http:\/\/anne-delaby.com\/NouveauSite\/abstractions\/ecarts\/\" class=\"_self pt-cv-readmore btn btn-success cvplbd\" target=\"_self\">Lire La Suite\u2026<\/a><\/div><\/div><\/div><\/div>\n<div class=\"col-md-3 col-sm-6 col-xs-12 pt-cv-content-item pt-cv-1-col\"  data-pid=\"163\"><div class='pt-cv-pinmas'><a href=\"http:\/\/anne-delaby.com\/NouveauSite\/abstractions\/les-fragments-illimites\/\" class=\"_self pt-cv-href-thumbnail pt-cv-thumb-default cvplbd\" target=\"_self\" ><img loading=\"lazy\" decoding=\"async\" width=\"300\" height=\"222\" src=\"http:\/\/anne-delaby.com\/NouveauSite\/wp-content\/uploads\/2020\/11\/arriere-plan-Ulule-300x222.jpg\" class=\"pt-cv-thumbnail img-none no-lazyload \" alt=\"Les Fragments Illimit\u00e9s\" \/><\/a>\n<h4 class=\"pt-cv-title\"><a href=\"http:\/\/anne-delaby.com\/NouveauSite\/abstractions\/les-fragments-illimites\/\" class=\"_self cvplbd\" target=\"_self\" >Les Fragments Illimit\u00e9s<\/a><\/h4>\n<div class=\"pt-cv-content\">Anne DELABY- Les Fragments Illimit\u00e9s Texte d\u2019accompagnement : Le fragment finit un jour par former un tout unifi\u00e9 ici gr\u00e2ce ...<br \/><div class=\"pt-cv-rmwrap\"><a href=\"http:\/\/anne-delaby.com\/NouveauSite\/abstractions\/les-fragments-illimites\/\" class=\"_self pt-cv-readmore btn btn-success cvplbd\" target=\"_self\">Lire La Suite\u2026<\/a><\/div><\/div><\/div><\/div>\n<div class=\"col-md-6 col-sm-6 col-xs-12 pt-cv-content-item pt-cv-1-col\"  data-pid=\"159\"><div class='pt-cv-pinmas'><a href=\"http:\/\/anne-delaby.com\/NouveauSite\/abstractions\/fusion\/\" class=\"_self pt-cv-href-thumbnail pt-cv-thumb-default cvplbd\" target=\"_self\" ><img loading=\"lazy\" decoding=\"async\" width=\"1\" height=\"1\" src=\"http:\/\/anne-delaby.com\/NouveauSite\/wp-content\/uploads\/2016\/09\/Fusion.jpg\" class=\"pt-cv-thumbnail img-none no-lazyload \" alt=\"Fusion\" \/><\/a>\n<h4 class=\"pt-cv-title\"><a href=\"http:\/\/anne-delaby.com\/NouveauSite\/abstractions\/fusion\/\" class=\"_self cvplbd\" target=\"_self\" >Fusion<\/a><\/h4>\n<div class=\"pt-cv-content\">Fusion Huile et cire sur toile 60 cm x 80 cm Expos\u00e9 \u00e0 la PEP 28 et vendu (collection particuli\u00e8re) ...<br \/><div class=\"pt-cv-rmwrap\"><a href=\"http:\/\/anne-delaby.com\/NouveauSite\/abstractions\/fusion\/\" class=\"_self pt-cv-readmore btn btn-success cvplbd\" target=\"_self\">Lire La Suite\u2026<\/a><\/div><\/div><\/div><\/div>\n<div class=\"col-md-3 col-sm-6 col-xs-12 pt-cv-content-item pt-cv-1-col\"  data-pid=\"155\"><div class='pt-cv-pinmas'><a href=\"http:\/\/anne-delaby.com\/NouveauSite\/abstractions\/mirage\/\" class=\"_self pt-cv-href-thumbnail pt-cv-thumb-default cvplbd\" target=\"_self\" ><img loading=\"lazy\" decoding=\"async\" width=\"1\" height=\"1\" src=\"http:\/\/anne-delaby.com\/NouveauSite\/wp-content\/uploads\/2016\/07\/Mirage-huile-et-cire-sur-bois-100-cm-sur-50-cm-2016.JPG\" class=\"pt-cv-thumbnail img-none no-lazyload \" alt=\"Mirage huile et cire sur bois 100 cm sur 50 cm 2016\" \/><\/a>\n<h4 class=\"pt-cv-title\"><a href=\"http:\/\/anne-delaby.com\/NouveauSite\/abstractions\/mirage\/\" class=\"_self cvplbd\" target=\"_self\" >Mirage<\/a><\/h4>\n<div class=\"pt-cv-content\">Mirage Huile et cire sur bois 2016 100 cm x 50 cm Expos\u00e9 \u00e0 la Galerie Les M\u00e9tamorph'OZes (Valaire - ...<br \/><div class=\"pt-cv-rmwrap\"><a href=\"http:\/\/anne-delaby.com\/NouveauSite\/abstractions\/mirage\/\" class=\"_self pt-cv-readmore btn btn-success cvplbd\" target=\"_self\">Lire La Suite\u2026<\/a><\/div><\/div><\/div><\/div>\n<div class=\"col-md-3 col-sm-6 col-xs-12 pt-cv-content-item pt-cv-1-col\"  data-pid=\"143\"><div class='pt-cv-pinmas'><a href=\"http:\/\/anne-delaby.com\/NouveauSite\/abstractions\/ecume\/\" class=\"_self pt-cv-href-thumbnail pt-cv-thumb-default cvplbd\" target=\"_self\" ><img loading=\"lazy\" decoding=\"async\" width=\"1\" height=\"1\" src=\"http:\/\/anne-delaby.com\/NouveauSite\/wp-content\/uploads\/2015\/09\/Ecume-1.jpg\" class=\"pt-cv-thumbnail img-none no-lazyload \" alt=\"Ecume 1\" \/><\/a>\n<h4 class=\"pt-cv-title\"><a href=\"http:\/\/anne-delaby.com\/NouveauSite\/abstractions\/ecume\/\" class=\"_self cvplbd\" target=\"_self\" >Ecume<\/a><\/h4>\n<div class=\"pt-cv-content\">Ecume 100 cm x 100 cm Technique mixte sur toile 2015 Disponible sur demande ...<br \/><div class=\"pt-cv-rmwrap\"><a href=\"http:\/\/anne-delaby.com\/NouveauSite\/abstractions\/ecume\/\" class=\"_self pt-cv-readmore btn btn-success cvplbd\" target=\"_self\">Lire La Suite\u2026<\/a><\/div><\/div><\/div><\/div>\n<div class=\"col-md-6 col-sm-6 col-xs-12 pt-cv-content-item pt-cv-1-col\"  data-pid=\"86\"><div class='pt-cv-pinmas'><a href=\"http:\/\/anne-delaby.com\/NouveauSite\/abstractions\/dissimulation\/\" class=\"_self pt-cv-href-thumbnail pt-cv-thumb-default cvplbd\" target=\"_self\" ><img loading=\"lazy\" decoding=\"async\" width=\"1\" height=\"1\" src=\"http:\/\/anne-delaby.com\/NouveauSite\/wp-content\/uploads\/2014\/05\/Dissimulation.JPG\" class=\"pt-cv-thumbnail img-none no-lazyload \" alt=\"Dissimulation\" \/><\/a>\n<h4 class=\"pt-cv-title\"><a href=\"http:\/\/anne-delaby.com\/NouveauSite\/abstractions\/dissimulation\/\" class=\"_self cvplbd\" target=\"_self\" >Dissimulation<\/a><\/h4>\n<div class=\"pt-cv-content\">Technique mixte sur toile 70 cm x 90 cm 2012 Disponible sur demande ...<br \/><div class=\"pt-cv-rmwrap\"><a href=\"http:\/\/anne-delaby.com\/NouveauSite\/abstractions\/dissimulation\/\" class=\"_self pt-cv-readmore btn btn-success cvplbd\" target=\"_self\">Lire La Suite\u2026<\/a><\/div><\/div><\/div><\/div>\n<div class=\"col-md-3 col-sm-6 col-xs-12 pt-cv-content-item pt-cv-1-col\"  data-pid=\"83\"><div class='pt-cv-pinmas'><a href=\"http:\/\/anne-delaby.com\/NouveauSite\/abstractions\/evenement\/\" class=\"_self pt-cv-href-thumbnail pt-cv-thumb-default cvplbd\" target=\"_self\" ><img loading=\"lazy\" decoding=\"async\" width=\"1\" height=\"1\" src=\"http:\/\/anne-delaby.com\/NouveauSite\/wp-content\/uploads\/2014\/05\/Evenement.JPG\" class=\"pt-cv-thumbnail img-none no-lazyload \" alt=\"Ev\u00e9nement\" \/><\/a>\n<h4 class=\"pt-cv-title\"><a href=\"http:\/\/anne-delaby.com\/NouveauSite\/abstractions\/evenement\/\" class=\"_self cvplbd\" target=\"_self\" >Ev\u00e9nement<\/a><\/h4>\n<div class=\"pt-cv-content\">84 cm x 100 cm Huile et cire sur bois 2012 Disponible sur demande ...<br \/><div class=\"pt-cv-rmwrap\"><a href=\"http:\/\/anne-delaby.com\/NouveauSite\/abstractions\/evenement\/\" class=\"_self pt-cv-readmore btn btn-success cvplbd\" target=\"_self\">Lire La Suite\u2026<\/a><\/div><\/div><\/div><\/div><\/div><\/div><\/div>\t\t\t<style type=\"text\/css\" id=\"pt-cv-inline-style-4f8d714oy5\">#pt-cv-view-740daacysx .pt-cv-title a, #pt-cv-view-740daacysx  .panel-title { font-weight: 600 !important; }\n#pt-cv-view-740daacysx .pt-cv-carousel-caption  { background-color: rgba(51,51,51,.6) !important; }\n#pt-cv-view-740daacysx .pt-cv-specialp { background-color: #CC3333 !important }\n#pt-cv-view-740daacysx .pt-cv-specialp * { color: #fff !important; }\n#pt-cv-view-740daacysx .pt-cv-pficon  { color: #bbb !important; }\n#pt-cv-view-740daacysx .pt-cv-readmore  { color: #ffffff !important; background-color: #00aeef !important; }\n#pt-cv-view-740daacysx .pt-cv-readmore:hover  { color: #ffffff !important; background-color: #00aeef !important; }\n#pt-cv-view-740daacysx  + .pt-cv-pagination-wrapper .pt-cv-more , #pt-cv-view-740daacysx  + .pt-cv-pagination-wrapper .pagination .active a { color: #ffffff !important; background-color: #00aeef !important; }<\/style>\r\n\t\t\t\n<\/div><!-- \/wp:shortcode-->","protected":false},"excerpt":{"rendered":"","protected":false},"author":1,"featured_media":0,"parent":0,"menu_order":0,"comment_status":"closed","ping_status":"closed","template":"","meta":{"footnotes":""},"_links":{"self":[{"href":"http:\/\/anne-delaby.com\/NouveauSite\/wp-json\/wp\/v2\/pages\/945"}],"collection":[{"href":"http:\/\/anne-delaby.com\/NouveauSite\/wp-json\/wp\/v2\/pages"}],"about":[{"href":"http:\/\/anne-delaby.com\/NouveauSite\/wp-json\/wp\/v2\/types\/page"}],"author":[{"embeddable":true,"href":"http:\/\/anne-delaby.com\/NouveauSite\/wp-json\/wp\/v2\/users\/1"}],"replies":[{"embeddable":true,"href":"http:\/\/anne-delaby.com\/NouveauSite\/wp-json\/wp\/v2\/comments?post=945"}],"version-history":[{"count":1,"href":"http:\/\/anne-delaby.com\/NouveauSite\/wp-json\/wp\/v2\/pages\/945\/revisions"}],"predecessor-version":[{"id":946,"href":"http:\/\/anne-delaby.com\/NouveauSite\/wp-json\/wp\/v2\/pages\/945\/revisions\/946"}],"wp:attachment":[{"href":"http:\/\/anne-delaby.com\/NouveauSite\/wp-json\/wp\/v2\/media?parent=945"}],"curies":[{"name":"wp","href":"https:\/\/api.w.org\/{rel}","templated":true}]}}