{"id":998,"date":"2020-11-07T17:24:50","date_gmt":"2020-11-07T16:24:50","guid":{"rendered":"http:\/\/anne-delaby.com\/NouveauSite\/?page_id=998"},"modified":"2020-11-07T17:24:50","modified_gmt":"2020-11-07T16:24:50","slug":"projets","status":"publish","type":"page","link":"http:\/\/anne-delaby.com\/NouveauSite\/en\/projets\/","title":{"rendered":"Projets"},"content":{"rendered":"<!-- wp:shortcode--><div class=\"gridContainer\">\n<div class=\"pt-cv-wrapper\"><div class=\"pt-cv-view pt-cv-masonry pt-cv-pinterest pt-cv-shadow pt-cv-bb pt-cv-pgregular\" id=\"pt-cv-view-3000f15plv\"><div data-id=\"pt-cv-page-1\" class=\"pt-cv-page\" data-cvc=\"1\"><div class=\"col-md-3 col-sm-6 col-xs-12 pt-cv-content-item pt-cv-1-col\"  data-pid=\"850\"><div class='pt-cv-pinmas'><a href=\"http:\/\/anne-delaby.com\/NouveauSite\/en\/projets_associatifs_\/art-therapie\/\" class=\"_self pt-cv-href-thumbnail pt-cv-thumb-default cvplbd\" target=\"_self\" ><img loading=\"lazy\" decoding=\"async\" width=\"1\" height=\"1\" src=\"http:\/\/anne-delaby.com\/NouveauSite\/wp-content\/uploads\/2020\/03\/bonshommes-emotions.jpg\" class=\"pt-cv-thumbnail img-none no-lazyload \" alt=\"bonshommes \u00e9motions\" \/><\/a>\n<h4 class=\"pt-cv-title\"><a href=\"http:\/\/anne-delaby.com\/NouveauSite\/en\/projets_associatifs_\/art-therapie\/\" class=\"_self cvplbd\" target=\"_self\" >Art-Th\u00e9rapie<\/a><\/h4>\n<div class=\"pt-cv-content\">Ethop\u00e9e, Passions Contemporaines est une association d\u2019arts contemporains (musique, danse, cr\u00e9ation textile sur tissus intelligents, Arts Plastiques, Musique Assist\u00e9e par ...<br \/><div class=\"pt-cv-rmwrap\"><a href=\"http:\/\/anne-delaby.com\/NouveauSite\/en\/projets_associatifs_\/art-therapie\/\" class=\"_self pt-cv-readmore btn btn-success cvplbd\" target=\"_self\">Lire La Suite\u2026<\/a><\/div><\/div><\/div><\/div>\n<div class=\"col-md-3 col-sm-6 col-xs-12 pt-cv-content-item pt-cv-1-col\"  data-pid=\"848\"><div class='pt-cv-pinmas'><a href=\"http:\/\/anne-delaby.com\/NouveauSite\/en\/projets_associatifs_\/impression-surimpression\/\" class=\"_self pt-cv-href-thumbnail pt-cv-thumb-default cvplbd\" target=\"_self\" ><img loading=\"lazy\" decoding=\"async\" width=\"1\" height=\"1\" src=\"http:\/\/anne-delaby.com\/NouveauSite\/wp-content\/uploads\/2019\/09\/affiche-de-latelier-Impression-Surimpression.jpg\" class=\"pt-cv-thumbnail img-none no-lazyload \" alt=\"affiche de l&#039;atelier Impression Surimpression\" \/><\/a>\n<h4 class=\"pt-cv-title\"><a href=\"http:\/\/anne-delaby.com\/NouveauSite\/en\/projets_associatifs_\/impression-surimpression\/\" class=\"_self cvplbd\" target=\"_self\" >IMPRESSION\/SURIMPRESSION<\/a><\/h4>\n<div class=\"pt-cv-content\">IMPRESSION\/SURIMPRESSION Atelier de Pratique Artistique 2019 Cette ann\u00e9e, nos \u00e9l\u00e8ves de coll\u00e8ge ont travaill\u00e9 sur le th\u00e8me Impression\/Surimpression. Ils ont ...<br \/><div class=\"pt-cv-rmwrap\"><a href=\"http:\/\/anne-delaby.com\/NouveauSite\/en\/projets_associatifs_\/impression-surimpression\/\" class=\"_self pt-cv-readmore btn btn-success cvplbd\" target=\"_self\">Lire La Suite\u2026<\/a><\/div><\/div><\/div><\/div>\n<div class=\"col-md-6 col-sm-6 col-xs-12 pt-cv-content-item pt-cv-1-col\"  data-pid=\"843\"><div class='pt-cv-pinmas'><a href=\"http:\/\/anne-delaby.com\/NouveauSite\/en\/projets_associatifs_\/les-ateliers-dethopee-passions-contemporaines-au-forum-des-associations-a-aunay\/\" class=\"_self pt-cv-href-thumbnail pt-cv-thumb-default cvplbd\" target=\"_self\" ><img decoding=\"async\" width=\"300\" src=\"http:\/\/anne-delaby.com\/NouveauSite\/wp-content\/uploads\/2019\/09\/Paysage-dapres-Cezanne-02.jpg\" class=\"pt-cv-thumbnail img-none cvp-substitute no-lazyload \" alt=\"Les ateliers d&#039;Ethop\u00e9e, Passions Contemporaines au Forum des Associations \u00e0 Aunay\" title=\"\" \/><\/a>\n<h4 class=\"pt-cv-title\"><a href=\"http:\/\/anne-delaby.com\/NouveauSite\/en\/projets_associatifs_\/les-ateliers-dethopee-passions-contemporaines-au-forum-des-associations-a-aunay\/\" class=\"_self cvplbd\" target=\"_self\" >Les ateliers d&#8217;Ethop\u00e9e, Passions Contemporaines au Forum des Associations \u00e0 Aunay<\/a><\/h4>\n<div class=\"pt-cv-content\">Ethop\u00e9e, Passions Contemporaines sera au Forum des Associations le samedi 7 septembre 2019 de 19h30 \u00e0 21h30. Nous vous pr\u00e9senterons ...<br \/><div class=\"pt-cv-rmwrap\"><a href=\"http:\/\/anne-delaby.com\/NouveauSite\/en\/projets_associatifs_\/les-ateliers-dethopee-passions-contemporaines-au-forum-des-associations-a-aunay\/\" class=\"_self pt-cv-readmore btn btn-success cvplbd\" target=\"_self\">Lire La Suite\u2026<\/a><\/div><\/div><\/div><\/div>\n<div class=\"col-md-3 col-sm-6 col-xs-12 pt-cv-content-item pt-cv-1-col\"  data-pid=\"836\"><div class='pt-cv-pinmas'><a href=\"http:\/\/anne-delaby.com\/NouveauSite\/en\/projets_associatifs_\/projet-entome\/\" class=\"_self pt-cv-href-thumbnail pt-cv-thumb-default cvplbd\" target=\"_self\" ><img loading=\"lazy\" decoding=\"async\" width=\"1\" height=\"1\" src=\"http:\/\/anne-delaby.com\/NouveauSite\/wp-content\/uploads\/2019\/05\/installation-Entome-Copier.jpg\" class=\"pt-cv-thumbnail img-none no-lazyload \" alt=\"installation Entome (Copier)\" \/><\/a>\n<h4 class=\"pt-cv-title\"><a href=\"http:\/\/anne-delaby.com\/NouveauSite\/en\/projets_associatifs_\/projet-entome\/\" class=\"_self cvplbd\" target=\"_self\" >Projet Entome &#8211;<\/a><\/h4>\n<div class=\"pt-cv-content\">Entome est un projet fait par des coll\u00e9giens. L'installation \u00e9tait \u00e0 base de tissus intelligents, de mat\u00e9riaux naturels (branches, \u00e9corces, ...<br \/><div class=\"pt-cv-rmwrap\"><a href=\"http:\/\/anne-delaby.com\/NouveauSite\/en\/projets_associatifs_\/projet-entome\/\" class=\"_self pt-cv-readmore btn btn-success cvplbd\" target=\"_self\">Lire La Suite\u2026<\/a><\/div><\/div><\/div><\/div>\n<div class=\"col-md-3 col-sm-6 col-xs-12 pt-cv-content-item pt-cv-1-col\"  data-pid=\"803\"><div class='pt-cv-pinmas'><a href=\"http:\/\/anne-delaby.com\/NouveauSite\/en\/projets_associatifs_\/projets-associatifs-et-ateliers\/\" class=\"_self pt-cv-href-thumbnail pt-cv-thumb-default cvplbd\" target=\"_self\" ><img loading=\"lazy\" decoding=\"async\" width=\"1\" height=\"1\" src=\"http:\/\/anne-delaby.com\/NouveauSite\/wp-content\/uploads\/2017\/06\/01-Vue-generale-de-linstallation-Passage.JPG\" class=\"pt-cv-thumbnail img-none no-lazyload \" alt=\"01 Vue g\u00e9n\u00e9rale de l&#039;installation Passage\" \/><\/a>\n<h4 class=\"pt-cv-title\"><a href=\"http:\/\/anne-delaby.com\/NouveauSite\/en\/projets_associatifs_\/projets-associatifs-et-ateliers\/\" class=\"_self cvplbd\" target=\"_self\" >Projets associatifs et ateliers<\/a><\/h4>\n<div class=\"pt-cv-content\">Projets associatifs et ateliersContact : Anne Delaby - Affili\u00e9e \u00e0 La Maison des Artistes. anne.delaby.art@gmail.com Site Internet : http:\/\/anne-delaby.com Ces ...<br \/><div class=\"pt-cv-rmwrap\"><a href=\"http:\/\/anne-delaby.com\/NouveauSite\/en\/projets_associatifs_\/projets-associatifs-et-ateliers\/\" class=\"_self pt-cv-readmore btn btn-success cvplbd\" target=\"_self\">Lire La Suite\u2026<\/a><\/div><\/div><\/div><\/div><\/div><\/div><\/div>\t\t\t<style type=\"text\/css\" id=\"pt-cv-inline-style-3e3b04crci\">#pt-cv-view-3000f15plv .pt-cv-title a, #pt-cv-view-3000f15plv  .panel-title { font-weight: 600 !important; }\n#pt-cv-view-3000f15plv .pt-cv-carousel-caption  { background-color: rgba(51,51,51,.6) !important; }\n#pt-cv-view-3000f15plv .pt-cv-specialp { background-color: #CC3333 !important }\n#pt-cv-view-3000f15plv .pt-cv-specialp * { color: #fff !important; }\n#pt-cv-view-3000f15plv .pt-cv-pficon  { color: #bbb !important; }\n#pt-cv-view-3000f15plv .pt-cv-readmore  { color: #ffffff !important; background-color: #00aeef !important; }\n#pt-cv-view-3000f15plv .pt-cv-readmore:hover  { color: #ffffff !important; background-color: #00aeef !important; }\n#pt-cv-view-3000f15plv  + .pt-cv-pagination-wrapper .pt-cv-more , #pt-cv-view-3000f15plv  + .pt-cv-pagination-wrapper .pagination .active a { color: #ffffff !important; background-color: #00aeef !important; }<\/style>\r\n\t\t\t\n<\/div><!-- \/wp:shortcode-->","protected":false},"excerpt":{"rendered":"","protected":false},"author":1,"featured_media":0,"parent":0,"menu_order":0,"comment_status":"closed","ping_status":"closed","template":"","meta":{"footnotes":""},"_links":{"self":[{"href":"http:\/\/anne-delaby.com\/NouveauSite\/en\/wp-json\/wp\/v2\/pages\/998"}],"collection":[{"href":"http:\/\/anne-delaby.com\/NouveauSite\/en\/wp-json\/wp\/v2\/pages"}],"about":[{"href":"http:\/\/anne-delaby.com\/NouveauSite\/en\/wp-json\/wp\/v2\/types\/page"}],"author":[{"embeddable":true,"href":"http:\/\/anne-delaby.com\/NouveauSite\/en\/wp-json\/wp\/v2\/users\/1"}],"replies":[{"embeddable":true,"href":"http:\/\/anne-delaby.com\/NouveauSite\/en\/wp-json\/wp\/v2\/comments?post=998"}],"version-history":[{"count":1,"href":"http:\/\/anne-delaby.com\/NouveauSite\/en\/wp-json\/wp\/v2\/pages\/998\/revisions"}],"predecessor-version":[{"id":999,"href":"http:\/\/anne-delaby.com\/NouveauSite\/en\/wp-json\/wp\/v2\/pages\/998\/revisions\/999"}],"wp:attachment":[{"href":"http:\/\/anne-delaby.com\/NouveauSite\/en\/wp-json\/wp\/v2\/media?parent=998"}],"curies":[{"name":"wp","href":"https:\/\/api.w.org\/{rel}","templated":true}]}}