{"id":995,"date":"2020-11-07T17:21:58","date_gmt":"2020-11-07T16:21:58","guid":{"rendered":"http:\/\/anne-delaby.com\/NouveauSite\/?page_id=995"},"modified":"2020-11-07T17:21:58","modified_gmt":"2020-11-07T16:21:58","slug":"noir-et-blanc","status":"publish","type":"page","link":"http:\/\/anne-delaby.com\/NouveauSite\/en\/noir-et-blanc\/","title":{"rendered":"Noir et Blanc"},"content":{"rendered":"<!-- wp:shortcode--><div class=\"gridContainer\">\n<div class=\"pt-cv-wrapper\"><div class=\"pt-cv-view pt-cv-masonry pt-cv-pinterest pt-cv-shadow pt-cv-bb pt-cv-pgregular\" id=\"pt-cv-view-e8d4ddbud7\"><div data-id=\"pt-cv-page-1\" class=\"pt-cv-page\" data-cvc=\"1\"><div class=\"col-md-3 col-sm-6 col-xs-12 pt-cv-content-item pt-cv-1-col\"  data-pid=\"628\"><div class='pt-cv-pinmas'><a href=\"http:\/\/anne-delaby.com\/NouveauSite\/en\/papiers_d_chir_s\/chambre-noire\/\" class=\"_self pt-cv-href-thumbnail pt-cv-thumb-default cvplbd\" target=\"_self\" ><img loading=\"lazy\" decoding=\"async\" width=\"1\" height=\"1\" src=\"http:\/\/anne-delaby.com\/NouveauSite\/wp-content\/uploads\/2016\/06\/Chambre-Noire.JPG\" class=\"pt-cv-thumbnail img-none no-lazyload \" alt=\"Chambre Noire\" \/><\/a>\n<h4 class=\"pt-cv-title\"><a href=\"http:\/\/anne-delaby.com\/NouveauSite\/en\/papiers_d_chir_s\/chambre-noire\/\" class=\"_self cvplbd\" target=\"_self\" >Chambre Noire<\/a><\/h4>\n<div class=\"pt-cv-content\">Chambre Noire 46 cm x 61 cm Technique mixte (tissus intelligents, acrylique et diapositive) 2016 Visible \u00e0 la galerie Les ...<br \/><div class=\"pt-cv-rmwrap\"><a href=\"http:\/\/anne-delaby.com\/NouveauSite\/en\/papiers_d_chir_s\/chambre-noire\/\" class=\"_self pt-cv-readmore btn btn-success cvplbd\" target=\"_self\">Lire La Suite\u2026<\/a><\/div><\/div><\/div><\/div>\n<div class=\"col-md-3 col-sm-6 col-xs-12 pt-cv-content-item pt-cv-1-col\"  data-pid=\"624\"><div class='pt-cv-pinmas'><a href=\"http:\/\/anne-delaby.com\/NouveauSite\/en\/papiers_d_chir_s\/dechirement\/\" class=\"_self pt-cv-href-thumbnail pt-cv-thumb-default cvplbd\" target=\"_self\" ><img loading=\"lazy\" decoding=\"async\" width=\"1\" height=\"1\" src=\"http:\/\/anne-delaby.com\/NouveauSite\/wp-content\/uploads\/2015\/12\/Dechirement.JPG\" class=\"pt-cv-thumbnail img-none no-lazyload \" alt=\"D\u00e9chirement\" \/><\/a>\n<h4 class=\"pt-cv-title\"><a href=\"http:\/\/anne-delaby.com\/NouveauSite\/en\/papiers_d_chir_s\/dechirement\/\" class=\"_self cvplbd\" target=\"_self\" >D\u00e9chirement<\/a><\/h4>\n<div class=\"pt-cv-content\">D\u00e9chirement Street art sur toile technique mixte sur toile (a\u00e9rosol, acrylique, ciment, papier avec texte sur la toile) 81cm x ...<br \/><div class=\"pt-cv-rmwrap\"><a href=\"http:\/\/anne-delaby.com\/NouveauSite\/en\/papiers_d_chir_s\/dechirement\/\" class=\"_self pt-cv-readmore btn btn-success cvplbd\" target=\"_self\">Lire La Suite\u2026<\/a><\/div><\/div><\/div><\/div>\n<div class=\"col-md-6 col-sm-6 col-xs-12 pt-cv-content-item pt-cv-1-col\"  data-pid=\"617\"><div class='pt-cv-pinmas'><a href=\"http:\/\/anne-delaby.com\/NouveauSite\/en\/papiers_d_chir_s\/lamento\/\" class=\"_self pt-cv-href-thumbnail pt-cv-thumb-default cvplbd\" target=\"_self\" ><img loading=\"lazy\" decoding=\"async\" width=\"1\" height=\"1\" src=\"http:\/\/anne-delaby.com\/NouveauSite\/wp-content\/uploads\/2015\/11\/Lamento.jpg\" class=\"pt-cv-thumbnail img-none no-lazyload \" alt=\"Lamento\" \/><\/a>\n<h4 class=\"pt-cv-title\"><a href=\"http:\/\/anne-delaby.com\/NouveauSite\/en\/papiers_d_chir_s\/lamento\/\" class=\"_self cvplbd\" target=\"_self\" >Lamento<\/a><\/h4>\n<div class=\"pt-cv-content\">Technique mixte (monotype d\u00e9chir\u00e9) 120 cm x 160 cm 2015 Visible du 2 avril au 21 juin 2015 \u00e0 la ...<br \/><div class=\"pt-cv-rmwrap\"><a href=\"http:\/\/anne-delaby.com\/NouveauSite\/en\/papiers_d_chir_s\/lamento\/\" class=\"_self pt-cv-readmore btn btn-success cvplbd\" target=\"_self\">Lire La Suite\u2026<\/a><\/div><\/div><\/div><\/div>\n<div class=\"col-md-3 col-sm-6 col-xs-12 pt-cv-content-item pt-cv-1-col\"  data-pid=\"607\"><div class='pt-cv-pinmas'><a href=\"http:\/\/anne-delaby.com\/NouveauSite\/en\/papiers_d_chir_s\/les-ames-dechirees\/\" class=\"_self pt-cv-href-thumbnail pt-cv-thumb-default cvplbd\" target=\"_self\" ><img loading=\"lazy\" decoding=\"async\" width=\"1\" height=\"1\" src=\"http:\/\/anne-delaby.com\/NouveauSite\/wp-content\/uploads\/2015\/08\/Les-ames-dechirees-tableau-1.JPG\" class=\"pt-cv-thumbnail img-none no-lazyload \" alt=\"Les \u00e2mes d\u00e9chir\u00e9es tableau 1\" \/><\/a>\n<h4 class=\"pt-cv-title\"><a href=\"http:\/\/anne-delaby.com\/NouveauSite\/en\/papiers_d_chir_s\/les-ames-dechirees\/\" class=\"_self cvplbd\" target=\"_self\" >Les Ames D\u00e9chir\u00e9es<\/a><\/h4>\n<div class=\"pt-cv-content\">Les Ames D\u00e9chir\u00e9es S\u00e9rie de 3 toiles Monotypes d\u00e9chir\u00e9s et acryliqe sur toile 81 cm x 116 cm 2015 Toiles ...<br \/><div class=\"pt-cv-rmwrap\"><a href=\"http:\/\/anne-delaby.com\/NouveauSite\/en\/papiers_d_chir_s\/les-ames-dechirees\/\" class=\"_self pt-cv-readmore btn btn-success cvplbd\" target=\"_self\">Lire La Suite\u2026<\/a><\/div><\/div><\/div><\/div>\n<div class=\"col-md-3 col-sm-6 col-xs-12 pt-cv-content-item pt-cv-1-col\"  data-pid=\"603\"><div class='pt-cv-pinmas'><a href=\"http:\/\/anne-delaby.com\/NouveauSite\/en\/papiers_d_chir_s\/migrants\/\" class=\"_self pt-cv-href-thumbnail pt-cv-thumb-default cvplbd\" target=\"_self\" ><img loading=\"lazy\" decoding=\"async\" width=\"1\" height=\"1\" src=\"http:\/\/anne-delaby.com\/NouveauSite\/wp-content\/uploads\/2015\/08\/les-migrants_0.jpg\" class=\"pt-cv-thumbnail img-none no-lazyload \" alt=\"les migrants_0\" \/><\/a>\n<h4 class=\"pt-cv-title\"><a href=\"http:\/\/anne-delaby.com\/NouveauSite\/en\/papiers_d_chir_s\/migrants\/\" class=\"_self cvplbd\" target=\"_self\" >Migrants<\/a><\/h4>\n<div class=\"pt-cv-content\">Technique mixte sur papier 30 cm x 40 cm 2012 Disponible sur demande ...<br \/><div class=\"pt-cv-rmwrap\"><a href=\"http:\/\/anne-delaby.com\/NouveauSite\/en\/papiers_d_chir_s\/migrants\/\" class=\"_self pt-cv-readmore btn btn-success cvplbd\" target=\"_self\">Lire La Suite\u2026<\/a><\/div><\/div><\/div><\/div><\/div><\/div>\n<div class=\"text-left pt-cv-pagination-wrapper\"><ul class=\"pt-cv-pagination pt-cv-ajax pagination\" data-totalpages=\"2\" data-currentpage=\"1\" data-sid=\"e8d4ddbud7\" data-unid=\"\" data-isblock=\"\" data-postid=\"\"><li class=\"active\"><a href=\"#\">1<\/a><\/li>\n\t<li ><a class=\"\" href=\"http:\/\/anne-delaby.com\/NouveauSite\/en\/wp-json\/wp\/v2\/pages\/995\/?_page=2\">2<\/a><\/li>\n\t<li ><a class=\" \" href=\"http:\/\/anne-delaby.com\/NouveauSite\/en\/wp-json\/wp\/v2\/pages\/995\/?_page=2\">&rsaquo;<\/a><\/li>\n\t<\/ul><img loading=\"lazy\" decoding=\"async\" width=\"15\" height=\"15\" class=\"pt-cv-spinner\" alt=\"Loading...\" src=\"data:image\/gif;base64,R0lGODlhDwAPALMPAMrKygwMDJOTkz09PZWVla+vr3p6euTk5M7OzuXl5TMzMwAAAJmZmWZmZszMzP\/\/\/yH\/C05FVFNDQVBFMi4wAwEAAAAh+QQFCgAPACwAAAAADwAPAAAEQvDJaZaZOIcV8iQK8VRX4iTYoAwZ4iCYoAjZ4RxejhVNoT+mRGP4cyF4Pp0N98sBGIBMEMOotl6YZ3S61Bmbkm4mAgAh+QQFCgAPACwAAAAADQANAAAENPDJSRSZeA418itN8QiK8BiLITVsFiyBBIoYqnoewAD4xPw9iY4XLGYSjkQR4UAUD45DLwIAIfkEBQoADwAsAAAAAA8ACQAABC\/wyVlamTi3nSdgwFNdhEJgTJoNyoB9ISYoQmdjiZPcj7EYCAeCF1gEDo4Dz2eIAAAh+QQFCgAPACwCAAAADQANAAAEM\/DJBxiYeLKdX3IJZT1FU0iIg2RNKx3OkZVnZ98ToRD4MyiDnkAh6BkNC0MvsAj0kMpHBAAh+QQFCgAPACwGAAAACQAPAAAEMDC59KpFDll73HkAA2wVY5KgiK5b0RRoI6MuzG6EQqCDMlSGheEhUAgqgUUAFRySIgAh+QQFCgAPACwCAAIADQANAAAEM\/DJKZNLND\/kkKaHc3xk+QAMYDKsiaqmZCxGVjSFFCxB1vwy2oOgIDxuucxAMTAJFAJNBAAh+QQFCgAPACwAAAYADwAJAAAEMNAs86q1yaWwwv2Ig0jUZx3OYa4XoRAfwADXoAwfo1+CIjyFRuEho60aSNYlOPxEAAAh+QQFCgAPACwAAAIADQANAAAENPA9s4y8+IUVcqaWJ4qEQozSoAzoIyhCK2NFU2SJk0hNnyEOhKR2AzAAj4Pj4GE4W0bkJQIAOw==\" \/><div class=\"clear pt-cv-clear-pagination\"><\/div><\/div><\/div>\t\t\t<style type=\"text\/css\" id=\"pt-cv-inline-style-71b6ce22h7\">#pt-cv-view-e8d4ddbud7 .pt-cv-title a, #pt-cv-view-e8d4ddbud7  .panel-title { font-weight: 600 !important; }\n#pt-cv-view-e8d4ddbud7 .pt-cv-carousel-caption  { background-color: rgba(51,51,51,.6) !important; }\n#pt-cv-view-e8d4ddbud7 .pt-cv-specialp { background-color: #CC3333 !important }\n#pt-cv-view-e8d4ddbud7 .pt-cv-specialp * { color: #fff !important; }\n#pt-cv-view-e8d4ddbud7 .pt-cv-pficon  { color: #bbb !important; }\n#pt-cv-view-e8d4ddbud7 .pt-cv-readmore  { color: #ffffff !important; background-color: #00aeef !important; }\n#pt-cv-view-e8d4ddbud7 .pt-cv-readmore:hover  { color: #ffffff !important; background-color: #00aeef !important; }\n#pt-cv-view-e8d4ddbud7  + .pt-cv-pagination-wrapper .pt-cv-more , #pt-cv-view-e8d4ddbud7  + .pt-cv-pagination-wrapper .pagination .active a { color: #ffffff !important; background-color: #00aeef !important; }<\/style>\r\n\t\t\t\n<\/div><!-- \/wp:shortcode-->","protected":false},"excerpt":{"rendered":"","protected":false},"author":1,"featured_media":0,"parent":0,"menu_order":0,"comment_status":"closed","ping_status":"closed","template":"","meta":{"footnotes":""},"_links":{"self":[{"href":"http:\/\/anne-delaby.com\/NouveauSite\/en\/wp-json\/wp\/v2\/pages\/995"}],"collection":[{"href":"http:\/\/anne-delaby.com\/NouveauSite\/en\/wp-json\/wp\/v2\/pages"}],"about":[{"href":"http:\/\/anne-delaby.com\/NouveauSite\/en\/wp-json\/wp\/v2\/types\/page"}],"author":[{"embeddable":true,"href":"http:\/\/anne-delaby.com\/NouveauSite\/en\/wp-json\/wp\/v2\/users\/1"}],"replies":[{"embeddable":true,"href":"http:\/\/anne-delaby.com\/NouveauSite\/en\/wp-json\/wp\/v2\/comments?post=995"}],"version-history":[{"count":1,"href":"http:\/\/anne-delaby.com\/NouveauSite\/en\/wp-json\/wp\/v2\/pages\/995\/revisions"}],"predecessor-version":[{"id":996,"href":"http:\/\/anne-delaby.com\/NouveauSite\/en\/wp-json\/wp\/v2\/pages\/995\/revisions\/996"}],"wp:attachment":[{"href":"http:\/\/anne-delaby.com\/NouveauSite\/en\/wp-json\/wp\/v2\/media?parent=995"}],"curies":[{"name":"wp","href":"https:\/\/api.w.org\/{rel}","templated":true}]}}