{"id":986,"date":"2020-11-07T17:12:21","date_gmt":"2020-11-07T16:12:21","guid":{"rendered":"http:\/\/anne-delaby.com\/NouveauSite\/?page_id=986"},"modified":"2020-11-07T17:12:21","modified_gmt":"2020-11-07T16:12:21","slug":"installations","status":"publish","type":"page","link":"http:\/\/anne-delaby.com\/NouveauSite\/en\/installations\/","title":{"rendered":"Installations"},"content":{"rendered":"<!-- wp:shortcode--><div class=\"gridContainer\">\n<div class=\"pt-cv-wrapper\"><div class=\"pt-cv-view pt-cv-masonry pt-cv-pinterest pt-cv-shadow pt-cv-bb pt-cv-pgregular\" id=\"pt-cv-view-4ab836adry\"><div data-id=\"pt-cv-page-1\" class=\"pt-cv-page\" data-cvc=\"1\"><div class=\"col-md-3 col-sm-6 col-xs-12 pt-cv-content-item pt-cv-1-col\"  data-pid=\"1376\"><div class='pt-cv-pinmas'><a href=\"http:\/\/anne-delaby.com\/NouveauSite\/en\/installations_et_lan\/anhydra-installation-de-sculptures-tissus-intelligents-et-musique-immersive\/\" class=\"_self pt-cv-href-thumbnail pt-cv-thumb-default cvplbd\" target=\"_self\" ><img loading=\"lazy\" decoding=\"async\" width=\"169\" height=\"300\" src=\"http:\/\/anne-delaby.com\/NouveauSite\/wp-content\/uploads\/2023\/09\/20230713_154853-169x300.jpg\" class=\"pt-cv-thumbnail img-none no-lazyload \" alt=\"Anhydra : installation de sculptures d&#039;oiseaux marins, tissus intelligents DIATEX et musique immersive sur ordinateur.\" \/><\/a>\n<h4 class=\"pt-cv-title\"><a href=\"http:\/\/anne-delaby.com\/NouveauSite\/en\/installations_et_lan\/anhydra-installation-de-sculptures-tissus-intelligents-et-musique-immersive\/\" class=\"_self cvplbd\" target=\"_self\" >ANHYDRA : installation de sculptures, tissus intelligents et musique immersive<\/a><\/h4>\n<div class=\"pt-cv-content\">Cet \u00e9t\u00e9, j'ai eu le bonheur d'exposer un mois \u00e0 la chapelle Saint-Yves du Bergot \u00e0 Lannilis (Finist\u00e8re) cette installation ...<br \/><div class=\"pt-cv-rmwrap\"><a href=\"http:\/\/anne-delaby.com\/NouveauSite\/en\/installations_et_lan\/anhydra-installation-de-sculptures-tissus-intelligents-et-musique-immersive\/\" class=\"_self pt-cv-readmore btn btn-success cvplbd\" target=\"_self\">Lire La Suite\u2026<\/a><\/div><\/div><\/div><\/div>\n<div class=\"col-md-3 col-sm-6 col-xs-12 pt-cv-content-item pt-cv-1-col\"  data-pid=\"1372\"><div class='pt-cv-pinmas'><a href=\"http:\/\/anne-delaby.com\/NouveauSite\/en\/installations_et_lan\/anhydra\/\" class=\"_self pt-cv-href-thumbnail pt-cv-thumb-default cvplbd\" target=\"_self\" ><img loading=\"lazy\" decoding=\"async\" width=\"163\" height=\"300\" src=\"http:\/\/anne-delaby.com\/NouveauSite\/wp-content\/uploads\/2023\/07\/Fossile-marin-163x300.jpg\" class=\"pt-cv-thumbnail img-none no-lazyload \" alt=\"Souche et algues marines sur socle de bois\" \/><\/a>\n<h4 class=\"pt-cv-title\"><a href=\"http:\/\/anne-delaby.com\/NouveauSite\/en\/installations_et_lan\/anhydra\/\" class=\"_self cvplbd\" target=\"_self\" >Anhydra<\/a><\/h4>\n<div class=\"pt-cv-content\">Exposition du 15 juillet au 15 ao\u00fbt dans le cadre du Parcours des Chapelles du L\u00e9on (Bretagne - Finist\u00e8re) Je ...<br \/><div class=\"pt-cv-rmwrap\"><a href=\"http:\/\/anne-delaby.com\/NouveauSite\/en\/installations_et_lan\/anhydra\/\" class=\"_self pt-cv-readmore btn btn-success cvplbd\" target=\"_self\">Lire La Suite\u2026<\/a><\/div><\/div><\/div><\/div>\n<div class=\"col-md-6 col-sm-6 col-xs-12 pt-cv-content-item pt-cv-1-col\"  data-pid=\"478\"><div class='pt-cv-pinmas'><a href=\"http:\/\/anne-delaby.com\/NouveauSite\/en\/installations_et_lan\/installation-ce-printemps-la-partenariat-avec-cepes-caap-alain-fournier-bourges\/\" class=\"_self pt-cv-href-thumbnail pt-cv-thumb-default cvplbd\" target=\"_self\" ><img loading=\"lazy\" decoding=\"async\" width=\"300\" height=\"219\" src=\"http:\/\/anne-delaby.com\/NouveauSite\/wp-content\/uploads\/2020\/06\/installation-Ce-printemps-la-01_0-1-300x219.jpg\" class=\"pt-cv-thumbnail img-none no-lazyload \" alt=\"Installation Ce Printemps-l\u00e0 - Partenariat avec CEPES-CAAP Alain Fournier Bourges\" \/><\/a>\n<h4 class=\"pt-cv-title\"><a href=\"http:\/\/anne-delaby.com\/NouveauSite\/en\/installations_et_lan\/installation-ce-printemps-la-partenariat-avec-cepes-caap-alain-fournier-bourges\/\" class=\"_self cvplbd\" target=\"_self\" >Installation Ce Printemps-l\u00e0 &#8211; Partenariat avec CEPES-CAAP Alain Fournier Bourges<\/a><\/h4>\n<div class=\"pt-cv-content\">Installation Ce Printemps-l\u00e0 : Anne DELABY - Recueil de po\u00e8mes : Ce Printemps-l\u00e0 : Anne DELABY (extraits) Installation construite dans ...<br \/><div class=\"pt-cv-rmwrap\"><a href=\"http:\/\/anne-delaby.com\/NouveauSite\/en\/installations_et_lan\/installation-ce-printemps-la-partenariat-avec-cepes-caap-alain-fournier-bourges\/\" class=\"_self pt-cv-readmore btn btn-success cvplbd\" target=\"_self\">Lire La Suite\u2026<\/a><\/div><\/div><\/div><\/div>\n<div class=\"col-md-3 col-sm-6 col-xs-12 pt-cv-content-item pt-cv-1-col\"  data-pid=\"473\"><div class='pt-cv-pinmas'><a href=\"http:\/\/anne-delaby.com\/NouveauSite\/en\/installations_et_lan\/exposition-et-performance-la-grande-vanite\/\" class=\"_self pt-cv-href-thumbnail pt-cv-thumb-default cvplbd\" target=\"_self\" ><img loading=\"lazy\" decoding=\"async\" width=\"225\" height=\"300\" src=\"http:\/\/anne-delaby.com\/NouveauSite\/wp-content\/uploads\/2018\/05\/exemple-1-225x300.jpg\" class=\"pt-cv-thumbnail img-none no-lazyload \" alt=\"Exposition et performance La Grande Vanit\u00e9\" \/><\/a>\n<h4 class=\"pt-cv-title\"><a href=\"http:\/\/anne-delaby.com\/NouveauSite\/en\/installations_et_lan\/exposition-et-performance-la-grande-vanite\/\" class=\"_self cvplbd\" target=\"_self\" >Exposition et performance La Grande Vanit\u00e9<\/a><\/h4>\n<div class=\"pt-cv-content\">Grande Vanit\u00e9 Chaque fil est une vie La Grande Vanit\u00e9. Chaque fil est une vie. Performance plastique et musicale. Dur\u00e9e ...<br \/><div class=\"pt-cv-rmwrap\"><a href=\"http:\/\/anne-delaby.com\/NouveauSite\/en\/installations_et_lan\/exposition-et-performance-la-grande-vanite\/\" class=\"_self pt-cv-readmore btn btn-success cvplbd\" target=\"_self\">Lire La Suite\u2026<\/a><\/div><\/div><\/div><\/div>\n<div class=\"col-md-3 col-sm-6 col-xs-12 pt-cv-content-item pt-cv-1-col\"  data-pid=\"458\"><div class='pt-cv-pinmas'><a href=\"http:\/\/anne-delaby.com\/NouveauSite\/en\/installations_et_lan\/voile-de-loire\/\" class=\"_self pt-cv-href-thumbnail pt-cv-thumb-default cvplbd\" target=\"_self\" ><img loading=\"lazy\" decoding=\"async\" width=\"1\" height=\"1\" src=\"http:\/\/anne-delaby.com\/NouveauSite\/wp-content\/uploads\/2017\/04\/Voile-de-Loire-01-Copier.JPG\" class=\"pt-cv-thumbnail img-none no-lazyload \" alt=\"Voile de Loire 01 (Copier)\" \/><\/a>\n<h4 class=\"pt-cv-title\"><a href=\"http:\/\/anne-delaby.com\/NouveauSite\/en\/installations_et_lan\/voile-de-loire\/\" class=\"_self cvplbd\" target=\"_self\" >Voile de Loire<\/a><\/h4>\n<div class=\"pt-cv-content\">Anne DELABY - Voile de Loire Voile de Loire est une sculpture textile constitu\u00e9e de tissus techniques intelligents DIATEX et ...<br \/><div class=\"pt-cv-rmwrap\"><a href=\"http:\/\/anne-delaby.com\/NouveauSite\/en\/installations_et_lan\/voile-de-loire\/\" class=\"_self pt-cv-readmore btn btn-success cvplbd\" target=\"_self\">Lire La Suite\u2026<\/a><\/div><\/div><\/div><\/div><\/div><\/div>\n<div class=\"text-left pt-cv-pagination-wrapper\"><ul class=\"pt-cv-pagination pt-cv-ajax pagination\" data-totalpages=\"2\" data-currentpage=\"1\" data-sid=\"4ab836adry\" data-unid=\"\" data-isblock=\"\" data-postid=\"\"><li class=\"active\"><a href=\"#\">1<\/a><\/li>\n\t<li ><a class=\"\" href=\"http:\/\/anne-delaby.com\/NouveauSite\/en\/wp-json\/wp\/v2\/pages\/986\/?_page=2\">2<\/a><\/li>\n\t<li ><a class=\" \" href=\"http:\/\/anne-delaby.com\/NouveauSite\/en\/wp-json\/wp\/v2\/pages\/986\/?_page=2\">&rsaquo;<\/a><\/li>\n\t<\/ul><img loading=\"lazy\" decoding=\"async\" width=\"15\" height=\"15\" class=\"pt-cv-spinner\" alt=\"Loading...\" src=\"data:image\/gif;base64,R0lGODlhDwAPALMPAMrKygwMDJOTkz09PZWVla+vr3p6euTk5M7OzuXl5TMzMwAAAJmZmWZmZszMzP\/\/\/yH\/C05FVFNDQVBFMi4wAwEAAAAh+QQFCgAPACwAAAAADwAPAAAEQvDJaZaZOIcV8iQK8VRX4iTYoAwZ4iCYoAjZ4RxejhVNoT+mRGP4cyF4Pp0N98sBGIBMEMOotl6YZ3S61Bmbkm4mAgAh+QQFCgAPACwAAAAADQANAAAENPDJSRSZeA418itN8QiK8BiLITVsFiyBBIoYqnoewAD4xPw9iY4XLGYSjkQR4UAUD45DLwIAIfkEBQoADwAsAAAAAA8ACQAABC\/wyVlamTi3nSdgwFNdhEJgTJoNyoB9ISYoQmdjiZPcj7EYCAeCF1gEDo4Dz2eIAAAh+QQFCgAPACwCAAAADQANAAAEM\/DJBxiYeLKdX3IJZT1FU0iIg2RNKx3OkZVnZ98ToRD4MyiDnkAh6BkNC0MvsAj0kMpHBAAh+QQFCgAPACwGAAAACQAPAAAEMDC59KpFDll73HkAA2wVY5KgiK5b0RRoI6MuzG6EQqCDMlSGheEhUAgqgUUAFRySIgAh+QQFCgAPACwCAAIADQANAAAEM\/DJKZNLND\/kkKaHc3xk+QAMYDKsiaqmZCxGVjSFFCxB1vwy2oOgIDxuucxAMTAJFAJNBAAh+QQFCgAPACwAAAYADwAJAAAEMNAs86q1yaWwwv2Ig0jUZx3OYa4XoRAfwADXoAwfo1+CIjyFRuEho60aSNYlOPxEAAAh+QQFCgAPACwAAAIADQANAAAENPA9s4y8+IUVcqaWJ4qEQozSoAzoIyhCK2NFU2SJk0hNnyEOhKR2AzAAj4Pj4GE4W0bkJQIAOw==\" \/><div class=\"clear pt-cv-clear-pagination\"><\/div><\/div><\/div>\t\t\t<style type=\"text\/css\" id=\"pt-cv-inline-style-7c72fc7hc0\">#pt-cv-view-4ab836adry .pt-cv-title a, #pt-cv-view-4ab836adry  .panel-title { font-weight: 600 !important; }\n#pt-cv-view-4ab836adry .pt-cv-carousel-caption  { background-color: rgba(51,51,51,.6) !important; }\n#pt-cv-view-4ab836adry .pt-cv-specialp { background-color: #CC3333 !important }\n#pt-cv-view-4ab836adry .pt-cv-specialp * { color: #fff !important; }\n#pt-cv-view-4ab836adry .pt-cv-pficon  { color: #bbb !important; }\n#pt-cv-view-4ab836adry .pt-cv-readmore  { color: #ffffff !important; background-color: #00aeef !important; }\n#pt-cv-view-4ab836adry .pt-cv-readmore:hover  { color: #ffffff !important; background-color: #00aeef !important; }\n#pt-cv-view-4ab836adry  + .pt-cv-pagination-wrapper .pt-cv-more , #pt-cv-view-4ab836adry  + .pt-cv-pagination-wrapper .pagination .active a { color: #ffffff !important; background-color: #00aeef !important; }<\/style>\r\n\t\t\t\n<\/div><!-- \/wp:shortcode-->","protected":false},"excerpt":{"rendered":"","protected":false},"author":1,"featured_media":0,"parent":0,"menu_order":0,"comment_status":"closed","ping_status":"closed","template":"","meta":{"footnotes":""},"_links":{"self":[{"href":"http:\/\/anne-delaby.com\/NouveauSite\/en\/wp-json\/wp\/v2\/pages\/986"}],"collection":[{"href":"http:\/\/anne-delaby.com\/NouveauSite\/en\/wp-json\/wp\/v2\/pages"}],"about":[{"href":"http:\/\/anne-delaby.com\/NouveauSite\/en\/wp-json\/wp\/v2\/types\/page"}],"author":[{"embeddable":true,"href":"http:\/\/anne-delaby.com\/NouveauSite\/en\/wp-json\/wp\/v2\/users\/1"}],"replies":[{"embeddable":true,"href":"http:\/\/anne-delaby.com\/NouveauSite\/en\/wp-json\/wp\/v2\/comments?post=986"}],"version-history":[{"count":1,"href":"http:\/\/anne-delaby.com\/NouveauSite\/en\/wp-json\/wp\/v2\/pages\/986\/revisions"}],"predecessor-version":[{"id":987,"href":"http:\/\/anne-delaby.com\/NouveauSite\/en\/wp-json\/wp\/v2\/pages\/986\/revisions\/987"}],"wp:attachment":[{"href":"http:\/\/anne-delaby.com\/NouveauSite\/en\/wp-json\/wp\/v2\/media?parent=986"}],"curies":[{"name":"wp","href":"https:\/\/api.w.org\/{rel}","templated":true}]}}