{"id":979,"date":"2020-11-07T17:05:30","date_gmt":"2020-11-07T16:05:30","guid":{"rendered":"http:\/\/anne-delaby.com\/NouveauSite\/?page_id=979"},"modified":"2021-01-21T04:20:50","modified_gmt":"2021-01-21T03:20:50","slug":"figures","status":"publish","type":"page","link":"http:\/\/anne-delaby.com\/NouveauSite\/en\/figures\/","title":{"rendered":"Figures"},"content":{"rendered":"<!-- wp:shortcode--><div class=\"gridContainer\">\n<div class=\"pt-cv-wrapper\"><div class=\"pt-cv-view pt-cv-masonry pt-cv-pinterest pt-cv-shadow pt-cv-bb pt-cv-pgregular\" id=\"pt-cv-view-fd2fa14og4\"><div data-id=\"pt-cv-page-1\" class=\"pt-cv-page\" data-cvc=\"1\"><div class=\"col-md-3 col-sm-6 col-xs-12 pt-cv-content-item pt-cv-1-col\"  data-pid=\"1207\"><div class='pt-cv-pinmas'><a href=\"http:\/\/anne-delaby.com\/NouveauSite\/en\/portraits\/au-corps-eclate\/\" class=\"_self pt-cv-href-thumbnail pt-cv-thumb-default cvplbd\" target=\"_self\" ><img loading=\"lazy\" decoding=\"async\" width=\"243\" height=\"300\" src=\"http:\/\/anne-delaby.com\/NouveauSite\/wp-content\/uploads\/2021\/01\/Au-corps-eclate--243x300.jpg\" class=\"pt-cv-thumbnail img-none no-lazyload \" alt=\"Peinture technique mixte\" \/><\/a>\n<h4 class=\"pt-cv-title\"><a href=\"http:\/\/anne-delaby.com\/NouveauSite\/en\/portraits\/au-corps-eclate\/\" class=\"_self cvplbd\" target=\"_self\" >Au corps \u00e9clat\u00e9<\/a><\/h4>\n<div class=\"pt-cv-content\">Au corps \u00e9clat\u00e9 - Technique mixte - 81 cm x 100 cm ...<br \/><div class=\"pt-cv-rmwrap\"><a href=\"http:\/\/anne-delaby.com\/NouveauSite\/en\/portraits\/au-corps-eclate\/\" class=\"_self pt-cv-readmore btn btn-success cvplbd\" target=\"_self\">Lire La Suite\u2026<\/a><\/div><\/div><\/div><\/div>\n<div class=\"col-md-3 col-sm-6 col-xs-12 pt-cv-content-item pt-cv-1-col\"  data-pid=\"799\"><div class='pt-cv-pinmas'><a href=\"http:\/\/anne-delaby.com\/NouveauSite\/en\/portraits\/tete-de-femme\/\" class=\"_self pt-cv-href-thumbnail pt-cv-thumb-default cvplbd\" target=\"_self\" ><img loading=\"lazy\" decoding=\"async\" width=\"227\" height=\"300\" src=\"http:\/\/anne-delaby.com\/NouveauSite\/wp-content\/uploads\/2020\/05\/Tete-de-femme_1-1-227x300.jpg\" class=\"pt-cv-thumbnail img-none no-lazyload \" alt=\"Visage aux deux cercles\" \/><\/a>\n<h4 class=\"pt-cv-title\"><a href=\"http:\/\/anne-delaby.com\/NouveauSite\/en\/portraits\/tete-de-femme\/\" class=\"_self cvplbd\" target=\"_self\" >Visage aux deux cercles<\/a><\/h4>\n<div class=\"pt-cv-content\">Visage aux deux cercles : techniques mixtes (acrylique, aquarelle et feutre noir) Dimensions : 89 cm x 116 cm Expos\u00e9 ...<br \/><div class=\"pt-cv-rmwrap\"><a href=\"http:\/\/anne-delaby.com\/NouveauSite\/en\/portraits\/tete-de-femme\/\" class=\"_self pt-cv-readmore btn btn-success cvplbd\" target=\"_self\">Lire La Suite\u2026<\/a><\/div><\/div><\/div><\/div>\n<div class=\"col-md-6 col-sm-6 col-xs-12 pt-cv-content-item pt-cv-1-col\"  data-pid=\"792\"><div class='pt-cv-pinmas'><a href=\"http:\/\/anne-delaby.com\/NouveauSite\/en\/portraits\/revelations-ou-les-saintes\/\" class=\"_self pt-cv-href-thumbnail pt-cv-thumb-default cvplbd\" target=\"_self\" ><img loading=\"lazy\" decoding=\"async\" width=\"202\" height=\"300\" src=\"http:\/\/anne-delaby.com\/NouveauSite\/wp-content\/uploads\/2020\/01\/Sainte-2-scaled.jpg\" class=\"pt-cv-thumbnail img-none no-lazyload \" alt=\"R\u00e9v\u00e9lations ou les Saintes\" \/><\/a>\n<h4 class=\"pt-cv-title\"><a href=\"http:\/\/anne-delaby.com\/NouveauSite\/en\/portraits\/revelations-ou-les-saintes\/\" class=\"_self cvplbd\" target=\"_self\" >R\u00e9v\u00e9lations ou les Saintes<\/a><\/h4>\n<div class=\"pt-cv-content\">Triptyque R\u00e9v\u00e9lations ou les Saintes. Acrylique sur toile - 81 cm x 116 cm Visages et corps extatiques, ambigu\u00eft\u00e9 entre ...<br \/><div class=\"pt-cv-rmwrap\"><a href=\"http:\/\/anne-delaby.com\/NouveauSite\/en\/portraits\/revelations-ou-les-saintes\/\" class=\"_self pt-cv-readmore btn btn-success cvplbd\" target=\"_self\">Lire La Suite\u2026<\/a><\/div><\/div><\/div><\/div>\n<div class=\"col-md-3 col-sm-6 col-xs-12 pt-cv-content-item pt-cv-1-col\"  data-pid=\"784\"><div class='pt-cv-pinmas'><a href=\"http:\/\/anne-delaby.com\/NouveauSite\/en\/portraits\/its-a-quiet-place\/\" class=\"_self pt-cv-href-thumbnail pt-cv-thumb-default cvplbd\" target=\"_self\" ><img loading=\"lazy\" decoding=\"async\" width=\"1\" height=\"1\" src=\"http:\/\/anne-delaby.com\/NouveauSite\/wp-content\/uploads\/2019\/03\/Its-a-quiet-place.jpg\" class=\"pt-cv-thumbnail img-none no-lazyload \" alt=\"It&#039;s a quiet place\" \/><\/a>\n<h4 class=\"pt-cv-title\"><a href=\"http:\/\/anne-delaby.com\/NouveauSite\/en\/portraits\/its-a-quiet-place\/\" class=\"_self cvplbd\" target=\"_self\" >It&#8217;s a quiet place<\/a><\/h4>\n<div class=\"pt-cv-content\">Couleurs pour femmes It's au quiet place Derni\u00e8re toile de la s\u00e9rie D\u00e9di\u00e9e \u00e0 M.C et \u00e0 V Acrylique sur ...<br \/><div class=\"pt-cv-rmwrap\"><a href=\"http:\/\/anne-delaby.com\/NouveauSite\/en\/portraits\/its-a-quiet-place\/\" class=\"_self pt-cv-readmore btn btn-success cvplbd\" target=\"_self\">Lire La Suite\u2026<\/a><\/div><\/div><\/div><\/div>\n<div class=\"col-md-3 col-sm-6 col-xs-12 pt-cv-content-item pt-cv-1-col\"  data-pid=\"780\"><div class='pt-cv-pinmas'><a href=\"http:\/\/anne-delaby.com\/NouveauSite\/en\/portraits\/sous-la-lune-quelquun-se-noie\/\" class=\"_self pt-cv-href-thumbnail pt-cv-thumb-default cvplbd\" target=\"_self\" ><img loading=\"lazy\" decoding=\"async\" width=\"1\" height=\"1\" src=\"http:\/\/anne-delaby.com\/NouveauSite\/wp-content\/uploads\/2019\/03\/Dans-la-Nuit-quelquun-se-noie.jpg\" class=\"pt-cv-thumbnail img-none no-lazyload \" alt=\"Dans la Nuit quelqu&#039;un se noie\" \/><\/a>\n<h4 class=\"pt-cv-title\"><a href=\"http:\/\/anne-delaby.com\/NouveauSite\/en\/portraits\/sous-la-lune-quelquun-se-noie\/\" class=\"_self cvplbd\" target=\"_self\" >Sous la lune quelqu&#8217;un se noie<\/a><\/h4>\n<div class=\"pt-cv-content\">Sous la lune, quelqu'un se noie. S\u00e9rie de 4 toiles Couleurs pour femmes avec po\u00e8me d'accompagnement. Acrylique sur toile - ...<br \/><div class=\"pt-cv-rmwrap\"><a href=\"http:\/\/anne-delaby.com\/NouveauSite\/en\/portraits\/sous-la-lune-quelquun-se-noie\/\" class=\"_self pt-cv-readmore btn btn-success cvplbd\" target=\"_self\">Lire La Suite\u2026<\/a><\/div><\/div><\/div><\/div><\/div><\/div>\n<div class=\"text-left pt-cv-pagination-wrapper\"><ul class=\"pt-cv-pagination pt-cv-ajax pagination\" data-totalpages=\"2\" data-currentpage=\"1\" data-sid=\"fd2fa14og4\" data-unid=\"\" data-isblock=\"\" data-postid=\"\"><li class=\"active\"><a href=\"#\">1<\/a><\/li>\n\t<li ><a class=\"\" href=\"http:\/\/anne-delaby.com\/NouveauSite\/en\/wp-json\/wp\/v2\/pages\/979\/?_page=2\">2<\/a><\/li>\n\t<li ><a class=\" \" href=\"http:\/\/anne-delaby.com\/NouveauSite\/en\/wp-json\/wp\/v2\/pages\/979\/?_page=2\">&rsaquo;<\/a><\/li>\n\t<\/ul><img loading=\"lazy\" decoding=\"async\" width=\"15\" height=\"15\" class=\"pt-cv-spinner\" alt=\"Loading...\" src=\"data:image\/gif;base64,R0lGODlhDwAPALMPAMrKygwMDJOTkz09PZWVla+vr3p6euTk5M7OzuXl5TMzMwAAAJmZmWZmZszMzP\/\/\/yH\/C05FVFNDQVBFMi4wAwEAAAAh+QQFCgAPACwAAAAADwAPAAAEQvDJaZaZOIcV8iQK8VRX4iTYoAwZ4iCYoAjZ4RxejhVNoT+mRGP4cyF4Pp0N98sBGIBMEMOotl6YZ3S61Bmbkm4mAgAh+QQFCgAPACwAAAAADQANAAAENPDJSRSZeA418itN8QiK8BiLITVsFiyBBIoYqnoewAD4xPw9iY4XLGYSjkQR4UAUD45DLwIAIfkEBQoADwAsAAAAAA8ACQAABC\/wyVlamTi3nSdgwFNdhEJgTJoNyoB9ISYoQmdjiZPcj7EYCAeCF1gEDo4Dz2eIAAAh+QQFCgAPACwCAAAADQANAAAEM\/DJBxiYeLKdX3IJZT1FU0iIg2RNKx3OkZVnZ98ToRD4MyiDnkAh6BkNC0MvsAj0kMpHBAAh+QQFCgAPACwGAAAACQAPAAAEMDC59KpFDll73HkAA2wVY5KgiK5b0RRoI6MuzG6EQqCDMlSGheEhUAgqgUUAFRySIgAh+QQFCgAPACwCAAIADQANAAAEM\/DJKZNLND\/kkKaHc3xk+QAMYDKsiaqmZCxGVjSFFCxB1vwy2oOgIDxuucxAMTAJFAJNBAAh+QQFCgAPACwAAAYADwAJAAAEMNAs86q1yaWwwv2Ig0jUZx3OYa4XoRAfwADXoAwfo1+CIjyFRuEho60aSNYlOPxEAAAh+QQFCgAPACwAAAIADQANAAAENPA9s4y8+IUVcqaWJ4qEQozSoAzoIyhCK2NFU2SJk0hNnyEOhKR2AzAAj4Pj4GE4W0bkJQIAOw==\" \/><div class=\"clear pt-cv-clear-pagination\"><\/div><\/div><\/div>\t\t\t<style type=\"text\/css\" id=\"pt-cv-inline-style-ea7b9e4svo\">#pt-cv-view-fd2fa14og4 .pt-cv-title a, #pt-cv-view-fd2fa14og4  .panel-title { font-weight: 600 !important; }\n#pt-cv-view-fd2fa14og4 .pt-cv-carousel-caption  { background-color: rgba(51,51,51,.6) !important; }\n#pt-cv-view-fd2fa14og4 .pt-cv-specialp { background-color: #CC3333 !important }\n#pt-cv-view-fd2fa14og4 .pt-cv-specialp * { color: #fff !important; }\n#pt-cv-view-fd2fa14og4 .pt-cv-pficon  { color: #bbb !important; }\n#pt-cv-view-fd2fa14og4 .pt-cv-readmore  { color: #ffffff !important; background-color: #00aeef !important; }\n#pt-cv-view-fd2fa14og4 .pt-cv-readmore:hover  { color: #ffffff !important; background-color: #00aeef !important; }\n#pt-cv-view-fd2fa14og4  + .pt-cv-pagination-wrapper .pt-cv-more , #pt-cv-view-fd2fa14og4  + .pt-cv-pagination-wrapper .pagination .active a { color: #ffffff !important; background-color: #00aeef !important; }<\/style>\r\n\t\t\t\n<\/div><!-- \/wp:shortcode-->","protected":false},"excerpt":{"rendered":"","protected":false},"author":1,"featured_media":0,"parent":0,"menu_order":0,"comment_status":"closed","ping_status":"closed","template":"","meta":{"footnotes":""},"_links":{"self":[{"href":"http:\/\/anne-delaby.com\/NouveauSite\/en\/wp-json\/wp\/v2\/pages\/979"}],"collection":[{"href":"http:\/\/anne-delaby.com\/NouveauSite\/en\/wp-json\/wp\/v2\/pages"}],"about":[{"href":"http:\/\/anne-delaby.com\/NouveauSite\/en\/wp-json\/wp\/v2\/types\/page"}],"author":[{"embeddable":true,"href":"http:\/\/anne-delaby.com\/NouveauSite\/en\/wp-json\/wp\/v2\/users\/1"}],"replies":[{"embeddable":true,"href":"http:\/\/anne-delaby.com\/NouveauSite\/en\/wp-json\/wp\/v2\/comments?post=979"}],"version-history":[{"count":2,"href":"http:\/\/anne-delaby.com\/NouveauSite\/en\/wp-json\/wp\/v2\/pages\/979\/revisions"}],"predecessor-version":[{"id":1249,"href":"http:\/\/anne-delaby.com\/NouveauSite\/en\/wp-json\/wp\/v2\/pages\/979\/revisions\/1249"}],"wp:attachment":[{"href":"http:\/\/anne-delaby.com\/NouveauSite\/en\/wp-json\/wp\/v2\/media?parent=979"}],"curies":[{"name":"wp","href":"https:\/\/api.w.org\/{rel}","templated":true}]}}