{"id":1057,"date":"2020-11-14T12:04:02","date_gmt":"2020-11-14T11:04:02","guid":{"rendered":"http:\/\/anne-delaby.com\/NouveauSite\/?page_id=1057"},"modified":"2020-11-14T12:04:53","modified_gmt":"2020-11-14T11:04:53","slug":"paysage","status":"publish","type":"page","link":"http:\/\/anne-delaby.com\/NouveauSite\/en\/paysage\/","title":{"rendered":"Paysages"},"content":{"rendered":"<!-- wp:shortcode--><div class=\"gridContainer\">\n<div class=\"pt-cv-wrapper\"><div class=\"pt-cv-view pt-cv-masonry pt-cv-pinterest pt-cv-shadow pt-cv-bb pt-cv-pgregular\" id=\"pt-cv-view-0feb714clq\"><div data-id=\"pt-cv-page-1\" class=\"pt-cv-page\" data-cvc=\"1\"><div class=\"col-md-3 col-sm-6 col-xs-12 pt-cv-content-item pt-cv-1-col\"  data-pid=\"1382\"><div class='pt-cv-pinmas'><a href=\"http:\/\/anne-delaby.com\/NouveauSite\/en\/tonalit_s_am_ricaine\/serie-deluges\/\" class=\"_self pt-cv-href-thumbnail pt-cv-thumb-default cvplbd\" target=\"_self\" ><img loading=\"lazy\" decoding=\"async\" width=\"300\" height=\"186\" src=\"http:\/\/anne-delaby.com\/NouveauSite\/wp-content\/uploads\/2024\/03\/Deluges-Tout-est-accompli-01-300x186.jpg\" class=\"pt-cv-thumbnail img-none no-lazyload \" alt=\"S\u00e9rie D\u00e9luges. 3 Paysages : Signes, D\u00e9ferlante, Tout est accompli. Acrylique sur toile - 74 cm x 116 cm. Prix sur demande.\" \/><\/a>\n<h4 class=\"pt-cv-title\"><a href=\"http:\/\/anne-delaby.com\/NouveauSite\/en\/tonalit_s_am_ricaine\/serie-deluges\/\" class=\"_self cvplbd\" target=\"_self\" >S\u00e9rie &#8220;D\u00e9luges&#8221;<\/a><\/h4>\n<div class=\"pt-cv-content\"> ...<br \/><div class=\"pt-cv-rmwrap\"><a href=\"http:\/\/anne-delaby.com\/NouveauSite\/en\/tonalit_s_am_ricaine\/serie-deluges\/\" class=\"_self pt-cv-readmore btn btn-success cvplbd\" target=\"_self\">Lire La Suite\u2026<\/a><\/div><\/div><\/div><\/div>\n<div class=\"col-md-3 col-sm-6 col-xs-12 pt-cv-content-item pt-cv-1-col\"  data-pid=\"921\"><div class='pt-cv-pinmas'><a href=\"http:\/\/anne-delaby.com\/NouveauSite\/en\/tonalit_s_am_ricaine\/voile-dombre\/\" class=\"_self pt-cv-href-thumbnail pt-cv-thumb-default cvplbd\" target=\"_self\" ><img loading=\"lazy\" decoding=\"async\" width=\"1\" height=\"1\" src=\"http:\/\/anne-delaby.com\/NouveauSite\/wp-content\/uploads\/2015\/02\/Voile-dombre.JPG\" class=\"pt-cv-thumbnail img-none no-lazyload \" alt=\"Voile d&#039;ombre\" \/><\/a>\n<h4 class=\"pt-cv-title\"><a href=\"http:\/\/anne-delaby.com\/NouveauSite\/en\/tonalit_s_am_ricaine\/voile-dombre\/\" class=\"_self cvplbd\" target=\"_self\" >Voile d&#8217;ombre<\/a><\/h4>\n<div class=\"pt-cv-content\">S\u00e9rie de 6 toiles : Tonalit\u00e9s am\u00e9ricaines Voile d'ombre 64cm x 92 cm Acrylique sur toile 2015 Vendue Collection particuli\u00e8re ...<br \/><div class=\"pt-cv-rmwrap\"><a href=\"http:\/\/anne-delaby.com\/NouveauSite\/en\/tonalit_s_am_ricaine\/voile-dombre\/\" class=\"_self pt-cv-readmore btn btn-success cvplbd\" target=\"_self\">Lire La Suite\u2026<\/a><\/div><\/div><\/div><\/div>\n<div class=\"col-md-6 col-sm-6 col-xs-12 pt-cv-content-item pt-cv-1-col\"  data-pid=\"916\"><div class='pt-cv-pinmas'><a href=\"http:\/\/anne-delaby.com\/NouveauSite\/en\/tonalit_s_am_ricaine\/parcelles-lumineuses\/\" class=\"_self pt-cv-href-thumbnail pt-cv-thumb-default cvplbd\" target=\"_self\" ><img loading=\"lazy\" decoding=\"async\" width=\"1\" height=\"1\" src=\"http:\/\/anne-delaby.com\/NouveauSite\/wp-content\/uploads\/2015\/02\/Parcelles-lumineuses_0_0.JPG\" class=\"pt-cv-thumbnail img-none no-lazyload \" alt=\"Parcelles lumineuses_0\" \/><\/a>\n<h4 class=\"pt-cv-title\"><a href=\"http:\/\/anne-delaby.com\/NouveauSite\/en\/tonalit_s_am_ricaine\/parcelles-lumineuses\/\" class=\"_self cvplbd\" target=\"_self\" >Parcelles lumineuses<\/a><\/h4>\n<div class=\"pt-cv-content\">S\u00e9rie de 6 toiles : Tonalit\u00e9s am\u00e9ricaines Parcelles lumineuses 64 cm x 92 cm Acrylique sur toile 2015 Disponible sur ...<br \/><div class=\"pt-cv-rmwrap\"><a href=\"http:\/\/anne-delaby.com\/NouveauSite\/en\/tonalit_s_am_ricaine\/parcelles-lumineuses\/\" class=\"_self pt-cv-readmore btn btn-success cvplbd\" target=\"_self\">Lire La Suite\u2026<\/a><\/div><\/div><\/div><\/div>\n<div class=\"col-md-3 col-sm-6 col-xs-12 pt-cv-content-item pt-cv-1-col\"  data-pid=\"911\"><div class='pt-cv-pinmas'><a href=\"http:\/\/anne-delaby.com\/NouveauSite\/en\/tonalit_s_am_ricaine\/embrasement\/\" class=\"_self pt-cv-href-thumbnail pt-cv-thumb-default cvplbd\" target=\"_self\" ><img loading=\"lazy\" decoding=\"async\" width=\"1\" height=\"1\" src=\"http:\/\/anne-delaby.com\/NouveauSite\/wp-content\/uploads\/2015\/02\/Embrasement.JPG\" class=\"pt-cv-thumbnail img-none no-lazyload \" alt=\"Embrasement\" \/><\/a>\n<h4 class=\"pt-cv-title\"><a href=\"http:\/\/anne-delaby.com\/NouveauSite\/en\/tonalit_s_am_ricaine\/embrasement\/\" class=\"_self cvplbd\" target=\"_self\" >Embrasement<\/a><\/h4>\n<div class=\"pt-cv-content\">S\u00e9rie de 6 toiles : Tonalit\u00e9s am\u00e9ricaines Embrasement 64cm x 92 cm Acrylique sur toile 2015 Vendue Collection particuli\u00e8re USA ...<br \/><div class=\"pt-cv-rmwrap\"><a href=\"http:\/\/anne-delaby.com\/NouveauSite\/en\/tonalit_s_am_ricaine\/embrasement\/\" class=\"_self pt-cv-readmore btn btn-success cvplbd\" target=\"_self\">Lire La Suite\u2026<\/a><\/div><\/div><\/div><\/div>\n<div class=\"col-md-3 col-sm-6 col-xs-12 pt-cv-content-item pt-cv-1-col\"  data-pid=\"908\"><div class='pt-cv-pinmas'><a href=\"http:\/\/anne-delaby.com\/NouveauSite\/en\/tonalit_s_am_ricaine\/crepitement\/\" class=\"_self pt-cv-href-thumbnail pt-cv-thumb-default cvplbd\" target=\"_self\" ><img loading=\"lazy\" decoding=\"async\" width=\"1\" height=\"1\" src=\"http:\/\/anne-delaby.com\/NouveauSite\/wp-content\/uploads\/2015\/02\/Crepitement_0.JPG\" class=\"pt-cv-thumbnail img-none no-lazyload \" alt=\"Cr\u00e9pitement\" \/><\/a>\n<h4 class=\"pt-cv-title\"><a href=\"http:\/\/anne-delaby.com\/NouveauSite\/en\/tonalit_s_am_ricaine\/crepitement\/\" class=\"_self cvplbd\" target=\"_self\" >Cr\u00e9pitement<\/a><\/h4>\n<div class=\"pt-cv-content\">S\u00e9rie de 6 toiles : Tonalit\u00e9s am\u00e9ricaines Cr\u00e9pitement 64 cm x 92 cm Acrylique sur toile 2015 Disponible sur demande ...<br \/><div class=\"pt-cv-rmwrap\"><a href=\"http:\/\/anne-delaby.com\/NouveauSite\/en\/tonalit_s_am_ricaine\/crepitement\/\" class=\"_self pt-cv-readmore btn btn-success cvplbd\" target=\"_self\">Lire La Suite\u2026<\/a><\/div><\/div><\/div><\/div><\/div><\/div>\n<div class=\"text-left pt-cv-pagination-wrapper\"><ul class=\"pt-cv-pagination pt-cv-ajax pagination\" data-totalpages=\"2\" data-currentpage=\"1\" data-sid=\"0feb714clq\" data-unid=\"\" data-isblock=\"\" data-postid=\"\"><li class=\"active\"><a href=\"#\">1<\/a><\/li>\n\t<li ><a class=\"\" href=\"http:\/\/anne-delaby.com\/NouveauSite\/en\/wp-json\/wp\/v2\/pages\/1057\/?_page=2\">2<\/a><\/li>\n\t<li ><a class=\" \" href=\"http:\/\/anne-delaby.com\/NouveauSite\/en\/wp-json\/wp\/v2\/pages\/1057\/?_page=2\">&rsaquo;<\/a><\/li>\n\t<\/ul><img loading=\"lazy\" decoding=\"async\" width=\"15\" height=\"15\" class=\"pt-cv-spinner\" alt=\"Loading...\" src=\"data:image\/gif;base64,R0lGODlhDwAPALMPAMrKygwMDJOTkz09PZWVla+vr3p6euTk5M7OzuXl5TMzMwAAAJmZmWZmZszMzP\/\/\/yH\/C05FVFNDQVBFMi4wAwEAAAAh+QQFCgAPACwAAAAADwAPAAAEQvDJaZaZOIcV8iQK8VRX4iTYoAwZ4iCYoAjZ4RxejhVNoT+mRGP4cyF4Pp0N98sBGIBMEMOotl6YZ3S61Bmbkm4mAgAh+QQFCgAPACwAAAAADQANAAAENPDJSRSZeA418itN8QiK8BiLITVsFiyBBIoYqnoewAD4xPw9iY4XLGYSjkQR4UAUD45DLwIAIfkEBQoADwAsAAAAAA8ACQAABC\/wyVlamTi3nSdgwFNdhEJgTJoNyoB9ISYoQmdjiZPcj7EYCAeCF1gEDo4Dz2eIAAAh+QQFCgAPACwCAAAADQANAAAEM\/DJBxiYeLKdX3IJZT1FU0iIg2RNKx3OkZVnZ98ToRD4MyiDnkAh6BkNC0MvsAj0kMpHBAAh+QQFCgAPACwGAAAACQAPAAAEMDC59KpFDll73HkAA2wVY5KgiK5b0RRoI6MuzG6EQqCDMlSGheEhUAgqgUUAFRySIgAh+QQFCgAPACwCAAIADQANAAAEM\/DJKZNLND\/kkKaHc3xk+QAMYDKsiaqmZCxGVjSFFCxB1vwy2oOgIDxuucxAMTAJFAJNBAAh+QQFCgAPACwAAAYADwAJAAAEMNAs86q1yaWwwv2Ig0jUZx3OYa4XoRAfwADXoAwfo1+CIjyFRuEho60aSNYlOPxEAAAh+QQFCgAPACwAAAIADQANAAAENPA9s4y8+IUVcqaWJ4qEQozSoAzoIyhCK2NFU2SJk0hNnyEOhKR2AzAAj4Pj4GE4W0bkJQIAOw==\" \/><div class=\"clear pt-cv-clear-pagination\"><\/div><\/div><\/div>\t\t\t<style type=\"text\/css\" id=\"pt-cv-inline-style-f4c20f7sw9\">#pt-cv-view-0feb714clq .pt-cv-title a, #pt-cv-view-0feb714clq  .panel-title { font-weight: 600 !important; }\n#pt-cv-view-0feb714clq .pt-cv-carousel-caption  { background-color: rgba(51,51,51,.6) !important; }\n#pt-cv-view-0feb714clq .pt-cv-specialp { background-color: #CC3333 !important }\n#pt-cv-view-0feb714clq .pt-cv-specialp * { color: #fff !important; }\n#pt-cv-view-0feb714clq .pt-cv-pficon  { color: #bbb !important; }\n#pt-cv-view-0feb714clq .pt-cv-readmore  { color: #ffffff !important; background-color: #00aeef !important; }\n#pt-cv-view-0feb714clq .pt-cv-readmore:hover  { color: #ffffff !important; background-color: #00aeef !important; }\n#pt-cv-view-0feb714clq  + .pt-cv-pagination-wrapper .pt-cv-more , #pt-cv-view-0feb714clq  + .pt-cv-pagination-wrapper .pagination .active a { color: #ffffff !important; background-color: #00aeef !important; }<\/style>\r\n\t\t\t\n<\/div><!-- \/wp:shortcode-->","protected":false},"excerpt":{"rendered":"","protected":false},"author":1,"featured_media":0,"parent":0,"menu_order":0,"comment_status":"closed","ping_status":"closed","template":"","meta":{"footnotes":""},"_links":{"self":[{"href":"http:\/\/anne-delaby.com\/NouveauSite\/en\/wp-json\/wp\/v2\/pages\/1057"}],"collection":[{"href":"http:\/\/anne-delaby.com\/NouveauSite\/en\/wp-json\/wp\/v2\/pages"}],"about":[{"href":"http:\/\/anne-delaby.com\/NouveauSite\/en\/wp-json\/wp\/v2\/types\/page"}],"author":[{"embeddable":true,"href":"http:\/\/anne-delaby.com\/NouveauSite\/en\/wp-json\/wp\/v2\/users\/1"}],"replies":[{"embeddable":true,"href":"http:\/\/anne-delaby.com\/NouveauSite\/en\/wp-json\/wp\/v2\/comments?post=1057"}],"version-history":[{"count":2,"href":"http:\/\/anne-delaby.com\/NouveauSite\/en\/wp-json\/wp\/v2\/pages\/1057\/revisions"}],"predecessor-version":[{"id":1059,"href":"http:\/\/anne-delaby.com\/NouveauSite\/en\/wp-json\/wp\/v2\/pages\/1057\/revisions\/1059"}],"wp:attachment":[{"href":"http:\/\/anne-delaby.com\/NouveauSite\/en\/wp-json\/wp\/v2\/media?parent=1057"}],"curies":[{"name":"wp","href":"https:\/\/api.w.org\/{rel}","templated":true}]}}